{"id":18,"date":"2026-05-09T19:26:13","date_gmt":"2026-05-09T17:26:13","guid":{"rendered":"https:\/\/www.gs-fiwa-sued.de\/?page_id=18"},"modified":"2026-05-09T19:40:32","modified_gmt":"2026-05-09T17:40:32","slug":"galerie","status":"publish","type":"page","link":"https:\/\/www.gs-fiwa-sued.de\/?page_id=18","title":{"rendered":"Galerie"},"content":{"rendered":"\n\n<h2 class=\"wp-block-heading\">Bildergalerie<\/h2>\n\n\n\n<p>F\u00fcgen Sie hier eigene Bilder aus der Gartensparte ein. Nutzen Sie daf\u00fcr den Galerie-Block von WordPress.<\/p>\n\n\n\n<div class=\"wp-block-columns is-layout-flex wp-container-core-columns-is-layout-9d6595d7 wp-block-columns-is-layout-flex\">\n<div class=\"wp-block-column is-layout-flow wp-block-column-is-layout-flow\">\n<p><strong>Bl\u00fchende G\u00e4rten<\/strong><\/p>\n<\/div>\n\n<div class=\"wp-block-column is-layout-flow wp-block-column-is-layout-flow\">\n<p><strong>Sommerfest<\/strong><\/p>\n<\/div>\n\n<div class=\"wp-block-column is-layout-flow wp-block-column-is-layout-flow\">\n<p><strong>Erntezeit<\/strong><\/p>\n<\/div>\n<\/div>\n","protected":false},"excerpt":{"rendered":"<p>Bildergalerie F\u00fcgen Sie hier eigene Bilder aus der Gartensparte ein. Nutzen Sie daf\u00fcr den Galerie-Block von WordPress. Bl\u00fchende G\u00e4rten Sommerfest Erntezeit<\/p>\n","protected":false},"author":1,"featured_media":0,"parent":0,"menu_order":0,"comment_status":"closed","ping_status":"closed","template":"page-galerie.php","meta":{"footnotes":""},"class_list":["post-18","page","type-page","status-publish","hentry"],"_links":{"self":[{"href":"https:\/\/www.gs-fiwa-sued.de\/index.php?rest_route=\/wp\/v2\/pages\/18","targetHints":{"allow":["GET"]}}],"collection":[{"href":"https:\/\/www.gs-fiwa-sued.de\/index.php?rest_route=\/wp\/v2\/pages"}],"about":[{"href":"https:\/\/www.gs-fiwa-sued.de\/index.php?rest_route=\/wp\/v2\/types\/page"}],"author":[{"embeddable":true,"href":"https:\/\/www.gs-fiwa-sued.de\/index.php?rest_route=\/wp\/v2\/users\/1"}],"replies":[{"embeddable":true,"href":"https:\/\/www.gs-fiwa-sued.de\/index.php?rest_route=%2Fwp%2Fv2%2Fcomments&post=18"}],"version-history":[{"count":1,"href":"https:\/\/www.gs-fiwa-sued.de\/index.php?rest_route=\/wp\/v2\/pages\/18\/revisions"}],"predecessor-version":[{"id":34,"href":"https:\/\/www.gs-fiwa-sued.de\/index.php?rest_route=\/wp\/v2\/pages\/18\/revisions\/34"}],"wp:attachment":[{"href":"https:\/\/www.gs-fiwa-sued.de\/index.php?rest_route=%2Fwp%2Fv2%2Fmedia&parent=18"}],"curies":[{"name":"wp","href":"https:\/\/api.w.org\/{rel}","templated":true}]}}