{"id":22,"date":"2026-05-09T19:26:13","date_gmt":"2026-05-09T17:26:13","guid":{"rendered":"https:\/\/www.gs-fiwa-sued.de\/?page_id=22"},"modified":"2026-05-09T19:40:33","modified_gmt":"2026-05-09T17:40:33","slug":"kontakt","status":"publish","type":"page","link":"https:\/\/www.gs-fiwa-sued.de\/?page_id=22","title":{"rendered":"Kontakt"},"content":{"rendered":"\n\n<h2 class=\"wp-block-heading\">Kontakt<\/h2>\n\n\n\n<p>Nehmen Sie Kontakt zur Gartensparte Finsterwalde-S\u00fcd e.V. auf. Die folgenden Kontaktdaten k\u00f6nnen Sie im Editor anpassen.<\/p>\n\n\n\n<p><strong>Gartensparte Finsterwalde-S\u00fcd e.V.<\/strong><br>03238 Finsterwalde<br>E-Mail: bitte-eintragen@example.de<br>Telefon: bitte eintragen<\/p>\n\n\n\n<p>F\u00fcr ein echtes Kontaktformular empfehlen wir sp\u00e4ter ein Formular-Plugin wie Contact Form 7 oder WPForms.<\/p>\n","protected":false},"excerpt":{"rendered":"<p>Kontakt Nehmen Sie Kontakt zur Gartensparte Finsterwalde-S\u00fcd e.V. auf. Die folgenden Kontaktdaten k\u00f6nnen Sie im Editor anpassen. Gartensparte Finsterwalde-S\u00fcd e.V.03238 FinsterwaldeE-Mail: bitte-eintragen@example.deTelefon: bitte eintragen F\u00fcr ein echtes Kontaktformular empfehlen wir sp\u00e4ter ein Formular-Plugin wie Contact Form 7 oder WPForms.<\/p>\n","protected":false},"author":1,"featured_media":0,"parent":0,"menu_order":0,"comment_status":"closed","ping_status":"closed","template":"page-kontakt.php","meta":{"footnotes":""},"class_list":["post-22","page","type-page","status-publish","hentry"],"_links":{"self":[{"href":"https:\/\/www.gs-fiwa-sued.de\/index.php?rest_route=\/wp\/v2\/pages\/22","targetHints":{"allow":["GET"]}}],"collection":[{"href":"https:\/\/www.gs-fiwa-sued.de\/index.php?rest_route=\/wp\/v2\/pages"}],"about":[{"href":"https:\/\/www.gs-fiwa-sued.de\/index.php?rest_route=\/wp\/v2\/types\/page"}],"author":[{"embeddable":true,"href":"https:\/\/www.gs-fiwa-sued.de\/index.php?rest_route=\/wp\/v2\/users\/1"}],"replies":[{"embeddable":true,"href":"https:\/\/www.gs-fiwa-sued.de\/index.php?rest_route=%2Fwp%2Fv2%2Fcomments&post=22"}],"version-history":[{"count":1,"href":"https:\/\/www.gs-fiwa-sued.de\/index.php?rest_route=\/wp\/v2\/pages\/22\/revisions"}],"predecessor-version":[{"id":35,"href":"https:\/\/www.gs-fiwa-sued.de\/index.php?rest_route=\/wp\/v2\/pages\/22\/revisions\/35"}],"wp:attachment":[{"href":"https:\/\/www.gs-fiwa-sued.de\/index.php?rest_route=%2Fwp%2Fv2%2Fmedia&parent=22"}],"curies":[{"name":"wp","href":"https:\/\/api.w.org\/{rel}","templated":true}]}}